{"id":128,"date":"2025-04-25T08:40:38","date_gmt":"2025-04-25T06:40:38","guid":{"rendered":"https:\/\/shop.emmywalt.se\/?post_type=product&#038;p=128"},"modified":"2025-04-27T19:44:15","modified_gmt":"2025-04-27T17:44:15","slug":"klan","status":"publish","type":"product","link":"https:\/\/shop.emmywalt.se\/?product=klan","title":{"rendered":"Klan"},"content":{"rendered":"<p><strong>&#8220;&#8230; ut\u00f6ver sp\u00e4nnande dramatik och v\u00e4lskriven underh\u00e5llning bjuder hon p\u00e5 insikter inom ett av v\u00e5ra v\u00e4rsta samh\u00e4llsproblem just nu.&#8221;<\/strong><\/p>\n<p>Kapprakt<\/p>\n<p>Sommaren \u00e4r h\u00e4r och \u00e4ntligen ska Mila, Marcus och barnen f\u00e5 efterl\u00e4ngtad semester p\u00e5 Gotland. Efter terrord\u00e5den f\u00f6rra \u00e5ret \u00e4r familjen \u00e5terf\u00f6renad. Det \u00e4r Almedalsveckan och \u00f6n sjuder av aktivitet, med m\u00e4nniskor \u00f6verallt. Men bakom idyllens fasader v\u00e4xer m\u00f6rkret. Fr\u00e4mlingsfientliga grupper organiserar hotfulla demonstrationer, och n\u00e5gon br\u00e4nner kors i Visbys natt. Mila kan inte koppla bort sin journalistiska instinkt och dras in i n\u00e5got l\u00e5ngt farligare \u00e4n politiska protester.<\/p>\n<p>&#8220;Klan&#8221; \u00e4r andra delen i serien om den egensinniga och modiga journalisten Mila Savic, som fr\u00e5n ett lugnt familjeliv kastas rakt in i en v\u00e4rld av kaos och polarisering. F\u00f6rsta delen, &#8220;Flykt&#8221; (2023), hyllades av kritiker och nominerades till Crimetime Award.<\/p>\n","protected":false},"excerpt":{"rendered":"<p>&#8220;Klan&#8221; \u00e4r andra delen i serien om den egensinniga och modiga journalisten Mila Savic, som fr\u00e5n ett lugnt familjeliv kastas rakt in i en v\u00e4rld av kaos och polarisering. F\u00f6rsta delen, &#8220;Flykt&#8221; (2023), hyllades av kritiker och nominerades till Crimetime Award.<\/p>\n","protected":false},"featured_media":130,"comment_status":"open","ping_status":"closed","template":"","meta":{"_eb_attr":"","_zb_attr":""},"product_brand":[],"product_cat":[18],"product_tag":[],"class_list":{"0":"post-128","1":"product","2":"type-product","3":"status-publish","4":"has-post-thumbnail","6":"product_cat-inbunden","8":"first","9":"instock","10":"shipping-taxable","11":"purchasable","12":"product-type-simple"},"jetpack_sharing_enabled":true,"_links":{"self":[{"href":"https:\/\/shop.emmywalt.se\/index.php?rest_route=\/wp\/v2\/product\/128","targetHints":{"allow":["GET"]}}],"collection":[{"href":"https:\/\/shop.emmywalt.se\/index.php?rest_route=\/wp\/v2\/product"}],"about":[{"href":"https:\/\/shop.emmywalt.se\/index.php?rest_route=\/wp\/v2\/types\/product"}],"replies":[{"embeddable":true,"href":"https:\/\/shop.emmywalt.se\/index.php?rest_route=%2Fwp%2Fv2%2Fcomments&post=128"}],"wp:featuredmedia":[{"embeddable":true,"href":"https:\/\/shop.emmywalt.se\/index.php?rest_route=\/wp\/v2\/media\/130"}],"wp:attachment":[{"href":"https:\/\/shop.emmywalt.se\/index.php?rest_route=%2Fwp%2Fv2%2Fmedia&parent=128"}],"wp:term":[{"taxonomy":"product_brand","embeddable":true,"href":"https:\/\/shop.emmywalt.se\/index.php?rest_route=%2Fwp%2Fv2%2Fproduct_brand&post=128"},{"taxonomy":"product_cat","embeddable":true,"href":"https:\/\/shop.emmywalt.se\/index.php?rest_route=%2Fwp%2Fv2%2Fproduct_cat&post=128"},{"taxonomy":"product_tag","embeddable":true,"href":"https:\/\/shop.emmywalt.se\/index.php?rest_route=%2Fwp%2Fv2%2Fproduct_tag&post=128"}],"curies":[{"name":"wp","href":"https:\/\/api.w.org\/{rel}","templated":true}]}}