{"id":124,"date":"2025-04-25T08:20:13","date_gmt":"2025-04-25T06:20:13","guid":{"rendered":"https:\/\/shop.emmywalt.se\/?post_type=product&#038;p=124"},"modified":"2025-04-27T18:27:20","modified_gmt":"2025-04-27T16:27:20","slug":"flykt-2","status":"publish","type":"product","link":"https:\/\/shop.emmywalt.se\/?product=flykt-2","title":{"rendered":"Flykt"},"content":{"rendered":"<p><strong>Nominerad till Crimetime Award 2023!<\/strong><\/p>\n<p>&#8220;Det \u00e4r en thriller som inleds med en s\u00e5 rafflande start att du tappar andan och bara m\u00e5ste forts\u00e4tta l\u00e4sa.&#8221;<\/p>\n<p>Mari Jungstedt<\/p>\n<p>Journalisten Mila \u00e4r i Frankrike f\u00f6r att skriva ett reportage om flyktingkrisen. Pl\u00f6tsligt lamsl\u00e5s Europa av flera samordnade terrorattentat. Milas tolv\u00e5riga dotter Sophia blir ett av terrorns offer och n\u00e4r Mila f\u00e5r kontakt med pappa Marcus ligger Sophia i koma. Det g\u00e5r snart upp f\u00f6r Mila att alla flyg \u00e4r inst\u00e4llda. Europa st\u00e4ngs, gr\u00e4ns f\u00f6r gr\u00e4ns, samtidigt som Marcus vakar p\u00e5 sjukhuset hemma i Sverige.<\/p>\n<p>Mila, som nyligen har \u00e5terh\u00e4mtat sig efter en utmattning blir alltmer desperat av oro f\u00f6r sin dotter. Men hon inser ocks\u00e5 att hon har mycket att vinna p\u00e5 att rapportera fr\u00e5n ett Europa i brand.<\/p>\n<p>Flykt \u00e4r f\u00f6rsta delen i en serie om den egensinniga och modiga journalisten Mila Savic som fr\u00e5n ett lugnt familjeliv kastas rakt in i en v\u00e4rld av kaos och polarisering.<\/p>\n<p>&#8220;&#8230; bland \u00e5rets b\u00e4sta svenska sp\u00e4nningsdebutanter &#8230;&#8221;<\/p>\n<p>Kapprakt<\/p>\n<p>&#8220;Lovande debut som grabbar tag redan fr\u00e5n f\u00f6rsta kapitlet. Jag slukade boken p\u00e5 ett dygn.&#8221;<\/p>\n<p>Sofie Sarenbrant<\/p>\n<p>&#8220;Debutanten Emmy Walt ber\u00e4ttar en sinnrik och genomt\u00e4nkt historia &#8230;&#8221;<\/p>\n<p>Dagens Nyheter<\/p>\n","protected":false},"excerpt":{"rendered":"<p>Flykt, som nominerades till Crimetime Awards, \u00e4r f\u00f6rsta delen i en serie om den egensinniga och modiga journalisten Mila Savic som fr\u00e5n ett lugnt familjeliv kastas rakt in i en v\u00e4rld av kaos och polarisering.<\/p>\n","protected":false},"featured_media":127,"comment_status":"open","ping_status":"closed","template":"","meta":{"_eb_attr":"","_zb_attr":""},"product_brand":[],"product_cat":[311],"product_tag":[],"class_list":{"0":"post-124","1":"product","2":"type-product","3":"status-publish","4":"has-post-thumbnail","6":"product_cat-pocket","7":"pa_sprak-svenska","9":"first","10":"instock","11":"shipping-taxable","12":"purchasable","13":"product-type-simple"},"jetpack_sharing_enabled":true,"_links":{"self":[{"href":"https:\/\/shop.emmywalt.se\/index.php?rest_route=\/wp\/v2\/product\/124","targetHints":{"allow":["GET"]}}],"collection":[{"href":"https:\/\/shop.emmywalt.se\/index.php?rest_route=\/wp\/v2\/product"}],"about":[{"href":"https:\/\/shop.emmywalt.se\/index.php?rest_route=\/wp\/v2\/types\/product"}],"replies":[{"embeddable":true,"href":"https:\/\/shop.emmywalt.se\/index.php?rest_route=%2Fwp%2Fv2%2Fcomments&post=124"}],"wp:featuredmedia":[{"embeddable":true,"href":"https:\/\/shop.emmywalt.se\/index.php?rest_route=\/wp\/v2\/media\/127"}],"wp:attachment":[{"href":"https:\/\/shop.emmywalt.se\/index.php?rest_route=%2Fwp%2Fv2%2Fmedia&parent=124"}],"wp:term":[{"taxonomy":"product_brand","embeddable":true,"href":"https:\/\/shop.emmywalt.se\/index.php?rest_route=%2Fwp%2Fv2%2Fproduct_brand&post=124"},{"taxonomy":"product_cat","embeddable":true,"href":"https:\/\/shop.emmywalt.se\/index.php?rest_route=%2Fwp%2Fv2%2Fproduct_cat&post=124"},{"taxonomy":"product_tag","embeddable":true,"href":"https:\/\/shop.emmywalt.se\/index.php?rest_route=%2Fwp%2Fv2%2Fproduct_tag&post=124"}],"curies":[{"name":"wp","href":"https:\/\/api.w.org\/{rel}","templated":true}]}}